{"id":26,"date":"2026-04-27T16:10:40","date_gmt":"2026-04-27T16:10:40","guid":{"rendered":"https:\/\/grupovulpis.com\/proyectos\/"},"modified":"2026-04-28T22:29:33","modified_gmt":"2026-04-28T22:29:33","slug":"proyectos","status":"publish","type":"page","link":"https:\/\/grupovulpis.com\/?page_id=26","title":{"rendered":"Proyectos"},"content":{"rendered":"\t\t<div data-elementor-type=\"wp-page\" data-elementor-id=\"26\" class=\"elementor elementor-26\" data-elementor-post-type=\"page\">\n\t\t\t\t<div class=\"elementor-element elementor-element-8794a9b e-flex e-con-boxed e-con e-parent\" data-id=\"8794a9b\" data-element_type=\"container\" data-e-type=\"container\" data-settings=\"{&quot;background_background&quot;:&quot;classic&quot;}\">\n\t\t\t\t\t<div class=\"e-con-inner\">\n\t\t\t\t<div class=\"elementor-element elementor-element-df13938 hostinger-ai-title elementor-widget__width-initial elementor-widget elementor-widget-heading\" data-id=\"df13938\" data-element_type=\"widget\" data-e-type=\"widget\" data-widget_type=\"heading.default\">\n\t\t\t\t\t<h1 class=\"elementor-heading-title elementor-size-default\">Nosotros hicimos posible estos proyectos...<\/h1>\t\t\t\t<\/div>\n\t\t<div class=\"elementor-element elementor-element-05fb189 e-con-full e-grid e-con e-child\" data-id=\"05fb189\" data-element_type=\"container\" data-e-type=\"container\">\n\t\t<div class=\"elementor-element elementor-element-2a77e92 e-con-full project-item-content project-item-content e-flex e-con e-child\" data-id=\"2a77e92\" data-element_type=\"container\" data-e-type=\"container\">\n\t\t\t\t<div class=\"elementor-element elementor-element-72018bd hostinger-ai-project-image hostinger-index-3 elementor-widget elementor-widget-image\" data-id=\"72018bd\" data-element_type=\"widget\" data-e-type=\"widget\" data-widget_type=\"image.default\">\n\t\t\t\t\t\t\t\t\t\t\t\t\t\t\t<img fetchpriority=\"high\" decoding=\"async\" width=\"1181\" height=\"1181\" src=\"https:\/\/grupovulpis.com\/wp-content\/uploads\/2026\/04\/4.png\" class=\"attachment-full size-full wp-image-65\" alt=\"\" srcset=\"https:\/\/grupovulpis.com\/wp-content\/uploads\/2026\/04\/4.png 1181w, https:\/\/grupovulpis.com\/wp-content\/uploads\/2026\/04\/4-300x300.png 300w, https:\/\/grupovulpis.com\/wp-content\/uploads\/2026\/04\/4-1024x1024.png 1024w, https:\/\/grupovulpis.com\/wp-content\/uploads\/2026\/04\/4-150x150.png 150w, https:\/\/grupovulpis.com\/wp-content\/uploads\/2026\/04\/4-768x768.png 768w\" sizes=\"(max-width: 1181px) 100vw, 1181px\" \/>\t\t\t\t\t\t\t\t\t\t\t\t\t\t\t<\/div>\n\t\t\t\t<\/div>\n\t\t<div class=\"elementor-element elementor-element-61e1449 e-con-full e-flex e-con e-child\" data-id=\"61e1449\" data-element_type=\"container\" data-e-type=\"container\">\n\t\t\t\t<div class=\"elementor-element elementor-element-63c4ffa hostinger-ai-project-title elementor-widget elementor-widget-heading\" data-id=\"63c4ffa\" data-element_type=\"widget\" data-e-type=\"widget\" data-widget_type=\"heading.default\">\n\t\t\t\t\t<h2 class=\"elementor-heading-title elementor-size-default\">Residencial \"Amatista\"<\/h2>\t\t\t\t<\/div>\n\t\t\t\t<div class=\"elementor-element elementor-element-51a4c56 hostinger-ai-project-description elementor-widget elementor-widget-text-editor\" data-id=\"51a4c56\" data-element_type=\"widget\" data-e-type=\"widget\" data-widget_type=\"text-editor.default\">\n\t\t\t\t\t\t\t\t\t<p>Proyecto en Cercado de Lima, el terreno fue conectado y gestionado estrat\u00e9gicamente para el desarrollo de una propuesta residencial.<\/p>\t\t\t\t\t\t\t\t<\/div>\n\t\t\t\t<div class=\"elementor-element elementor-element-33249c9 hostinger-ai-project-description elementor-widget elementor-widget-text-editor\" data-id=\"33249c9\" data-element_type=\"widget\" data-e-type=\"widget\" data-widget_type=\"text-editor.default\">\n\t\t\t\t\t\t\t\t\t<p>MARTE &#8211; A\u00d1O 2023<\/p>\t\t\t\t\t\t\t\t<\/div>\n\t\t\t\t<\/div>\n\t\t\t\t<\/div>\n\t\t<div class=\"elementor-element elementor-element-2f8f975 e-con-full e-grid e-con e-child\" data-id=\"2f8f975\" data-element_type=\"container\" data-e-type=\"container\">\n\t\t<div class=\"elementor-element elementor-element-35c73b7 e-con-full project-item-content project-item-content e-flex e-con e-child\" data-id=\"35c73b7\" data-element_type=\"container\" data-e-type=\"container\">\n\t\t\t\t<div class=\"elementor-element elementor-element-c56165b hostinger-ai-project-image hostinger-index-4 elementor-widget elementor-widget-image\" data-id=\"c56165b\" data-element_type=\"widget\" data-e-type=\"widget\" data-widget_type=\"image.default\">\n\t\t\t\t\t\t\t\t\t\t\t\t\t\t\t<img decoding=\"async\" width=\"1181\" height=\"1181\" src=\"https:\/\/grupovulpis.com\/wp-content\/uploads\/2026\/04\/2.png\" class=\"attachment-full size-full wp-image-63\" alt=\"\" srcset=\"https:\/\/grupovulpis.com\/wp-content\/uploads\/2026\/04\/2.png 1181w, https:\/\/grupovulpis.com\/wp-content\/uploads\/2026\/04\/2-300x300.png 300w, https:\/\/grupovulpis.com\/wp-content\/uploads\/2026\/04\/2-1024x1024.png 1024w, https:\/\/grupovulpis.com\/wp-content\/uploads\/2026\/04\/2-150x150.png 150w, https:\/\/grupovulpis.com\/wp-content\/uploads\/2026\/04\/2-768x768.png 768w\" sizes=\"(max-width: 1181px) 100vw, 1181px\" \/>\t\t\t\t\t\t\t\t\t\t\t\t\t\t\t<\/div>\n\t\t\t\t<\/div>\n\t\t<div class=\"elementor-element elementor-element-0b84e3f e-con-full e-flex e-con e-child\" data-id=\"0b84e3f\" data-element_type=\"container\" data-e-type=\"container\">\n\t\t\t\t<div class=\"elementor-element elementor-element-54f6302 hostinger-ai-project-title elementor-widget elementor-widget-heading\" data-id=\"54f6302\" data-element_type=\"widget\" data-e-type=\"widget\" data-widget_type=\"heading.default\">\n\t\t\t\t\t<h2 class=\"elementor-heading-title elementor-size-default\">Residencial \"Sialia\"<\/h2>\t\t\t\t<\/div>\n\t\t\t\t<div class=\"elementor-element elementor-element-331bbd4 hostinger-ai-project-description hostinger-index-1 elementor-widget elementor-widget-text-editor\" data-id=\"331bbd4\" data-element_type=\"widget\" data-e-type=\"widget\" data-widget_type=\"text-editor.default\">\n\t\t\t\t\t\t\t\t\t<p>Proyecto residencial en Jes\u00fas Mar\u00eda con alta demanda. el terreno fue conectado con desarrolladores que crearon esta residencia.<\/p>\t\t\t\t\t\t\t\t<\/div>\n\t\t\t\t<div class=\"elementor-element elementor-element-047762d hostinger-ai-project-description hostinger-index-1 elementor-widget elementor-widget-text-editor\" data-id=\"047762d\" data-element_type=\"widget\" data-e-type=\"widget\" data-widget_type=\"text-editor.default\">\n\t\t\t\t\t\t\t\t\t<p><span dir=\"auto\" style=\"vertical-align: inherit;\"><span dir=\"auto\" style=\"vertical-align: inherit;\"><span dir=\"auto\" style=\"vertical-align: inherit;\"><span dir=\"auto\" style=\"vertical-align: inherit;\"><span dir=\"auto\" style=\"vertical-align: inherit;\">CYGNUS &#8211; A\u00d1O 2024<\/span><\/span><\/span><\/span><\/span><\/p>\t\t\t\t\t\t\t\t<\/div>\n\t\t\t\t<\/div>\n\t\t\t\t<\/div>\n\t\t<div class=\"elementor-element elementor-element-3de66f3 e-con-full e-grid e-con e-child\" data-id=\"3de66f3\" data-element_type=\"container\" data-e-type=\"container\">\n\t\t<div class=\"elementor-element elementor-element-dea812f e-con-full project-item-content project-item-content e-flex e-con e-child\" data-id=\"dea812f\" data-element_type=\"container\" data-e-type=\"container\">\n\t\t\t\t<div class=\"elementor-element elementor-element-982dacf hostinger-ai-project-image hostinger-index-5 elementor-widget elementor-widget-image\" data-id=\"982dacf\" data-element_type=\"widget\" data-e-type=\"widget\" data-widget_type=\"image.default\">\n\t\t\t\t\t\t\t\t\t\t\t\t\t\t\t<img decoding=\"async\" width=\"1181\" height=\"1181\" src=\"https:\/\/grupovulpis.com\/wp-content\/uploads\/2026\/04\/1.png\" class=\"attachment-full size-full wp-image-62\" alt=\"\" srcset=\"https:\/\/grupovulpis.com\/wp-content\/uploads\/2026\/04\/1.png 1181w, https:\/\/grupovulpis.com\/wp-content\/uploads\/2026\/04\/1-300x300.png 300w, https:\/\/grupovulpis.com\/wp-content\/uploads\/2026\/04\/1-1024x1024.png 1024w, https:\/\/grupovulpis.com\/wp-content\/uploads\/2026\/04\/1-150x150.png 150w, https:\/\/grupovulpis.com\/wp-content\/uploads\/2026\/04\/1-768x768.png 768w\" sizes=\"(max-width: 1181px) 100vw, 1181px\" \/>\t\t\t\t\t\t\t\t\t\t\t\t\t\t\t<\/div>\n\t\t\t\t<\/div>\n\t\t<div class=\"elementor-element elementor-element-e5693d4 e-con-full e-flex e-con e-child\" data-id=\"e5693d4\" data-element_type=\"container\" data-e-type=\"container\">\n\t\t\t\t<div class=\"elementor-element elementor-element-f73163a hostinger-ai-project-title elementor-widget elementor-widget-heading\" data-id=\"f73163a\" data-element_type=\"widget\" data-e-type=\"widget\" data-widget_type=\"heading.default\">\n\t\t\t\t\t<h2 class=\"elementor-heading-title elementor-size-default\">Residencial \"Matera\"<\/h2>\t\t\t\t<\/div>\n\t\t\t\t<div class=\"elementor-element elementor-element-f091445 hostinger-ai-project-description hostinger-index-2 elementor-widget elementor-widget-text-editor\" data-id=\"f091445\" data-element_type=\"widget\" data-e-type=\"widget\" data-widget_type=\"text-editor.default\">\n\t\t\t\t\t\t\t\t\t<p>Proyecto en Jes\u00fas Mar\u00eda orientado a un mercado consolidado, conexi\u00f3n estrat\u00e9gica del terreno con desarrolladores.<\/p>\t\t\t\t\t\t\t\t<\/div>\n\t\t\t\t<div class=\"elementor-element elementor-element-66e9cc7 hostinger-ai-project-description hostinger-index-2 elementor-widget elementor-widget-text-editor\" data-id=\"66e9cc7\" data-element_type=\"widget\" data-e-type=\"widget\" data-widget_type=\"text-editor.default\">\n\t\t\t\t\t\t\t\t\t<p>URSA &#8211; A\u00d1O 2025<\/p>\t\t\t\t\t\t\t\t<\/div>\n\t\t\t\t<\/div>\n\t\t\t\t<\/div>\n\t\t\t\t\t<\/div>\n\t\t\t\t<\/div>\n\t\t<div class=\"elementor-element elementor-element-36a0b95 e-grid hostinger-ai-about-us-2 e-con-boxed e-con e-parent\" data-id=\"36a0b95\" data-element_type=\"container\" data-e-type=\"container\" data-settings=\"{&quot;background_background&quot;:&quot;classic&quot;}\">\n\t\t\t\t\t<div class=\"e-con-inner\">\n\t\t<div class=\"elementor-element elementor-element-f2b9264 e-con-full e-flex e-con e-child\" data-id=\"f2b9264\" data-element_type=\"container\" data-e-type=\"container\" data-settings=\"{&quot;background_background&quot;:&quot;classic&quot;}\">\n\t\t\t\t<div class=\"elementor-element elementor-element-fddd938 hostinger-ai-image hostinger-index-1 elementor-widget elementor-widget-image\" data-id=\"fddd938\" data-element_type=\"widget\" data-e-type=\"widget\" data-widget_type=\"image.default\">\n\t\t\t\t\t\t\t\t\t\t\t\t\t\t\t<img loading=\"lazy\" decoding=\"async\" width=\"1181\" height=\"1181\" src=\"https:\/\/grupovulpis.com\/wp-content\/uploads\/2026\/04\/3.png\" class=\"attachment-full size-full wp-image-64\" alt=\"\" srcset=\"https:\/\/grupovulpis.com\/wp-content\/uploads\/2026\/04\/3.png 1181w, https:\/\/grupovulpis.com\/wp-content\/uploads\/2026\/04\/3-300x300.png 300w, https:\/\/grupovulpis.com\/wp-content\/uploads\/2026\/04\/3-1024x1024.png 1024w, https:\/\/grupovulpis.com\/wp-content\/uploads\/2026\/04\/3-150x150.png 150w, https:\/\/grupovulpis.com\/wp-content\/uploads\/2026\/04\/3-768x768.png 768w\" sizes=\"(max-width: 1181px) 100vw, 1181px\" \/>\t\t\t\t\t\t\t\t\t\t\t\t\t\t\t<\/div>\n\t\t\t\t<\/div>\n\t\t<div class=\"elementor-element elementor-element-9b3a7c8 e-con-full e-flex e-con e-child\" data-id=\"9b3a7c8\" data-element_type=\"container\" data-e-type=\"container\">\n\t\t\t\t<div class=\"elementor-element elementor-element-e7fffac hostinger-ai-project-title elementor-widget elementor-widget-heading\" data-id=\"e7fffac\" data-element_type=\"widget\" data-e-type=\"widget\" data-widget_type=\"heading.default\">\n\t\t\t\t\t<h2 class=\"elementor-heading-title elementor-size-default\">Residencial \"Zegarra\"<\/h2>\t\t\t\t<\/div>\n\t\t\t\t<div class=\"elementor-element elementor-element-1de8563 hostinger-ai-description elementor-widget elementor-widget-text-editor\" data-id=\"1de8563\" data-element_type=\"widget\" data-e-type=\"widget\" data-widget_type=\"text-editor.default\">\n\t\t\t\t\t\t\t\t\t<p>Proyecto residencial en zona de crecimiento en Jes\u00fas Mar\u00eda, terreno identificado y gestionado para desarrollo inmobiliario.<\/p>\t\t\t\t\t\t\t\t<\/div>\n\t\t\t\t<div class=\"elementor-element elementor-element-402fd11 hostinger-ai-description elementor-widget elementor-widget-text-editor\" data-id=\"402fd11\" data-element_type=\"widget\" data-e-type=\"widget\" data-widget_type=\"text-editor.default\">\n\t\t\t\t\t\t\t\t\t<p>GRANADERO- A\u00d1O 2026<\/p>\t\t\t\t\t\t\t\t<\/div>\n\t\t\t\t<\/div>\n\t\t\t\t\t<\/div>\n\t\t\t\t<\/div>\n\t\t<div class=\"elementor-element elementor-element-3168083 e-flex e-con-boxed e-con e-parent\" data-id=\"3168083\" data-element_type=\"container\" data-e-type=\"container\" data-settings=\"{&quot;background_background&quot;:&quot;classic&quot;}\">\n\t\t\t\t\t<div class=\"e-con-inner\">\n\t\t<div class=\"elementor-element elementor-element-4a928a1 e-con-full e-flex e-con e-child\" data-id=\"4a928a1\" data-element_type=\"container\" data-e-type=\"container\">\n\t\t\t\t<div class=\"elementor-element elementor-element-dfc6d1f hostinger-ai-title elementor-widget elementor-widget-heading\" data-id=\"dfc6d1f\" data-element_type=\"widget\" data-e-type=\"widget\" data-widget_type=\"heading.default\">\n\t\t\t\t\t<h2 class=\"elementor-heading-title elementor-size-default\">OTROS PROYECTOS<\/h2>\t\t\t\t<\/div>\n\t\t\t\t<div class=\"elementor-element elementor-element-613cd71 hostinger-ai-description elementor-widget elementor-widget-heading\" data-id=\"613cd71\" data-element_type=\"widget\" data-e-type=\"widget\" data-widget_type=\"heading.default\">\n\t\t\t\t\t<p class=\"elementor-heading-title elementor-size-default\">Conectamos terrenos con desarrollos que transforman el skyline lime\u00f1o.<\/p>\t\t\t\t<\/div>\n\t\t\t\t<\/div>\n\t\t\t\t\t<\/div>\n\t\t\t\t<\/div>\n\t\t<div class=\"elementor-element elementor-element-0951d5d hostinger-ai-about-us-1 e-flex e-con-boxed e-con e-parent\" data-id=\"0951d5d\" data-element_type=\"container\" data-e-type=\"container\" data-settings=\"{&quot;background_background&quot;:&quot;classic&quot;}\">\n\t\t\t\t\t<div class=\"e-con-inner\">\n\t\t<div class=\"elementor-element elementor-element-12883d3 image-row e-con-full e-grid e-con e-child\" data-id=\"12883d3\" data-element_type=\"container\" data-e-type=\"container\">\n\t\t\t\t<div class=\"elementor-element elementor-element-b6f6ff5 hostinger-ai-image hostinger-index-8 elementor-absolute elementor-widget elementor-widget-image\" data-id=\"b6f6ff5\" data-element_type=\"widget\" data-e-type=\"widget\" data-settings=\"{&quot;_position&quot;:&quot;absolute&quot;}\" data-widget_type=\"image.default\">\n\t\t\t\t\t\t\t\t\t\t\t\t\t\t\t<img loading=\"lazy\" decoding=\"async\" width=\"1181\" height=\"1181\" src=\"https:\/\/grupovulpis.com\/wp-content\/uploads\/2026\/04\/PLAZA-CUBA.png\" class=\"attachment-full size-full wp-image-91\" alt=\"\" srcset=\"https:\/\/grupovulpis.com\/wp-content\/uploads\/2026\/04\/PLAZA-CUBA.png 1181w, https:\/\/grupovulpis.com\/wp-content\/uploads\/2026\/04\/PLAZA-CUBA-300x300.png 300w, https:\/\/grupovulpis.com\/wp-content\/uploads\/2026\/04\/PLAZA-CUBA-1024x1024.png 1024w, https:\/\/grupovulpis.com\/wp-content\/uploads\/2026\/04\/PLAZA-CUBA-150x150.png 150w, https:\/\/grupovulpis.com\/wp-content\/uploads\/2026\/04\/PLAZA-CUBA-768x768.png 768w\" sizes=\"(max-width: 1181px) 100vw, 1181px\" \/>\t\t\t\t\t\t\t\t\t\t\t\t\t\t\t<\/div>\n\t\t\t\t<div class=\"elementor-element elementor-element-71048c8 hostinger-ai-image hostinger-index-9 elementor-absolute elementor-widget elementor-widget-image\" data-id=\"71048c8\" data-element_type=\"widget\" data-e-type=\"widget\" data-settings=\"{&quot;_position&quot;:&quot;absolute&quot;}\" data-widget_type=\"image.default\">\n\t\t\t\t\t\t\t\t\t\t\t\t\t\t\t<img loading=\"lazy\" decoding=\"async\" width=\"1181\" height=\"1181\" src=\"https:\/\/grupovulpis.com\/wp-content\/uploads\/2026\/04\/SAN-FRANCISCO.png\" class=\"attachment-full size-full wp-image-92\" alt=\"\" srcset=\"https:\/\/grupovulpis.com\/wp-content\/uploads\/2026\/04\/SAN-FRANCISCO.png 1181w, https:\/\/grupovulpis.com\/wp-content\/uploads\/2026\/04\/SAN-FRANCISCO-300x300.png 300w, https:\/\/grupovulpis.com\/wp-content\/uploads\/2026\/04\/SAN-FRANCISCO-1024x1024.png 1024w, https:\/\/grupovulpis.com\/wp-content\/uploads\/2026\/04\/SAN-FRANCISCO-150x150.png 150w, https:\/\/grupovulpis.com\/wp-content\/uploads\/2026\/04\/SAN-FRANCISCO-768x768.png 768w\" sizes=\"(max-width: 1181px) 100vw, 1181px\" \/>\t\t\t\t\t\t\t\t\t\t\t\t\t\t\t<\/div>\n\t\t\t\t<div class=\"elementor-element elementor-element-2931984 hostinger-ai-image hostinger-index-10 elementor-absolute elementor-widget elementor-widget-image\" data-id=\"2931984\" data-element_type=\"widget\" data-e-type=\"widget\" data-settings=\"{&quot;_position&quot;:&quot;absolute&quot;}\" data-widget_type=\"image.default\">\n\t\t\t\t\t\t\t\t\t\t\t\t\t\t\t<img loading=\"lazy\" decoding=\"async\" width=\"1181\" height=\"1181\" src=\"https:\/\/grupovulpis.com\/wp-content\/uploads\/2026\/04\/GARZON.png\" class=\"attachment-full size-full wp-image-93\" alt=\"\" srcset=\"https:\/\/grupovulpis.com\/wp-content\/uploads\/2026\/04\/GARZON.png 1181w, https:\/\/grupovulpis.com\/wp-content\/uploads\/2026\/04\/GARZON-300x300.png 300w, https:\/\/grupovulpis.com\/wp-content\/uploads\/2026\/04\/GARZON-1024x1024.png 1024w, https:\/\/grupovulpis.com\/wp-content\/uploads\/2026\/04\/GARZON-150x150.png 150w, https:\/\/grupovulpis.com\/wp-content\/uploads\/2026\/04\/GARZON-768x768.png 768w\" sizes=\"(max-width: 1181px) 100vw, 1181px\" \/>\t\t\t\t\t\t\t\t\t\t\t\t\t\t\t<\/div>\n\t\t\t\t<div class=\"elementor-element elementor-element-dbf7968 hostinger-ai-image hostinger-index-13 elementor-absolute elementor-widget elementor-widget-image\" data-id=\"dbf7968\" data-element_type=\"widget\" data-e-type=\"widget\" data-settings=\"{&quot;_position&quot;:&quot;absolute&quot;}\" data-widget_type=\"image.default\">\n\t\t\t\t\t\t\t\t\t\t\t\t\t\t\t<img decoding=\"async\" src=\"https:\/\/grupovulpis.com\/wp-content\/uploads\/elementor\/thumbs\/MARIATEGUI-1-rmn6smnudpkpzsompflnyt3s6bfz62i1xqw7dc64q6.png\" title=\"MARIATEGUI (1)\" alt=\"MARIATEGUI (1)\" loading=\"lazy\" \/>\t\t\t\t\t\t\t\t\t\t\t\t\t\t\t<\/div>\n\t\t\t\t<div class=\"elementor-element elementor-element-235f87c hostinger-ai-image hostinger-index-11 elementor-absolute elementor-widget elementor-widget-image\" data-id=\"235f87c\" data-element_type=\"widget\" data-e-type=\"widget\" data-settings=\"{&quot;_position&quot;:&quot;absolute&quot;}\" data-widget_type=\"image.default\">\n\t\t\t\t\t\t\t\t\t\t\t\t\t\t\t<img loading=\"lazy\" decoding=\"async\" width=\"1181\" height=\"1181\" src=\"https:\/\/grupovulpis.com\/wp-content\/uploads\/2026\/04\/HUIRACOCHA.png\" class=\"attachment-full size-full wp-image-94\" alt=\"\" srcset=\"https:\/\/grupovulpis.com\/wp-content\/uploads\/2026\/04\/HUIRACOCHA.png 1181w, https:\/\/grupovulpis.com\/wp-content\/uploads\/2026\/04\/HUIRACOCHA-300x300.png 300w, https:\/\/grupovulpis.com\/wp-content\/uploads\/2026\/04\/HUIRACOCHA-1024x1024.png 1024w, https:\/\/grupovulpis.com\/wp-content\/uploads\/2026\/04\/HUIRACOCHA-150x150.png 150w, https:\/\/grupovulpis.com\/wp-content\/uploads\/2026\/04\/HUIRACOCHA-768x768.png 768w\" sizes=\"(max-width: 1181px) 100vw, 1181px\" \/>\t\t\t\t\t\t\t\t\t\t\t\t\t\t\t<\/div>\n\t\t\t\t<div class=\"elementor-element elementor-element-8b5643e hostinger-ai-image hostinger-index-14 elementor-absolute elementor-widget elementor-widget-image\" data-id=\"8b5643e\" data-element_type=\"widget\" data-e-type=\"widget\" data-settings=\"{&quot;_position&quot;:&quot;absolute&quot;}\" data-widget_type=\"image.default\">\n\t\t\t\t\t\t\t\t\t\t\t\t\t\t\t<img loading=\"lazy\" decoding=\"async\" width=\"300\" height=\"300\" src=\"https:\/\/grupovulpis.com\/wp-content\/uploads\/2026\/04\/NEW-ONE-300x300.png\" class=\"attachment-medium size-medium wp-image-96\" alt=\"\" srcset=\"https:\/\/grupovulpis.com\/wp-content\/uploads\/2026\/04\/NEW-ONE-300x300.png 300w, https:\/\/grupovulpis.com\/wp-content\/uploads\/2026\/04\/NEW-ONE-1024x1024.png 1024w, https:\/\/grupovulpis.com\/wp-content\/uploads\/2026\/04\/NEW-ONE-150x150.png 150w, https:\/\/grupovulpis.com\/wp-content\/uploads\/2026\/04\/NEW-ONE-768x768.png 768w, https:\/\/grupovulpis.com\/wp-content\/uploads\/2026\/04\/NEW-ONE.png 1181w\" sizes=\"(max-width: 300px) 100vw, 300px\" \/>\t\t\t\t\t\t\t\t\t\t\t\t\t\t\t<\/div>\n\t\t\t\t<\/div>\n\t\t\t\t\t<\/div>\n\t\t\t\t<\/div>\n\t\t\t\t<\/div>\n\t\t","protected":false},"excerpt":{"rendered":"<p>Nosotros hicimos posible estos proyectos&#8230; Residencial &#8220;Amatista&#8221; Proyecto en Cercado de Lima, el terreno fue conectado y gestionado estrat\u00e9gicamente para el desarrollo de una propuesta residencial. MARTE &#8211; A\u00d1O 2023 Residencial &#8220;Sialia&#8221; Proyecto residencial en Jes\u00fas Mar\u00eda con alta demanda. el terreno fue conectado con desarrolladores que crearon esta residencia. CYGNUS &#8211; A\u00d1O 2024 Residencial [&hellip;]<\/p>\n","protected":false},"author":1,"featured_media":0,"parent":0,"menu_order":0,"comment_status":"closed","ping_status":"closed","template":"","meta":{"_angie_page":false,"footnotes":""},"class_list":["post-26","page","type-page","status-publish","hentry"],"_hostinger_reach_plugin_has_subscription_block":false,"_hostinger_reach_plugin_is_elementor":false,"_links":{"self":[{"href":"https:\/\/grupovulpis.com\/index.php?rest_route=\/wp\/v2\/pages\/26","targetHints":{"allow":["GET"]}}],"collection":[{"href":"https:\/\/grupovulpis.com\/index.php?rest_route=\/wp\/v2\/pages"}],"about":[{"href":"https:\/\/grupovulpis.com\/index.php?rest_route=\/wp\/v2\/types\/page"}],"author":[{"embeddable":true,"href":"https:\/\/grupovulpis.com\/index.php?rest_route=\/wp\/v2\/users\/1"}],"replies":[{"embeddable":true,"href":"https:\/\/grupovulpis.com\/index.php?rest_route=%2Fwp%2Fv2%2Fcomments&post=26"}],"version-history":[{"count":36,"href":"https:\/\/grupovulpis.com\/index.php?rest_route=\/wp\/v2\/pages\/26\/revisions"}],"predecessor-version":[{"id":314,"href":"https:\/\/grupovulpis.com\/index.php?rest_route=\/wp\/v2\/pages\/26\/revisions\/314"}],"wp:attachment":[{"href":"https:\/\/grupovulpis.com\/index.php?rest_route=%2Fwp%2Fv2%2Fmedia&parent=26"}],"curies":[{"name":"wp","href":"https:\/\/api.w.org\/{rel}","templated":true}]}}